{"id":9,"date":"2020-04-25T11:07:17","date_gmt":"2020-04-25T11:07:17","guid":{"rendered":"http:\/\/lvipartanen.fi\/wp\/?page_id=9"},"modified":"2020-05-20T07:42:18","modified_gmt":"2020-05-20T07:42:18","slug":"etusivu","status":"publish","type":"page","link":"https:\/\/lvipartanen.fi\/","title":{"rendered":"LVI-suunnittelu Partanen Oy"},"content":{"rendered":"\n<p>LVI-suunnittelu Partanen Oy on LVI-suunnittelua ja talotekniikan asiantuntijapalveluita tarjoava yritys. Yritys tarjoaa luotettavaa, kustannustehokasta ja ammattitaitoista suunnittelupalvelua sek\u00e4 konsultointia LVI-tekniikan eri osa- alueille. <\/p>\n\n\n\n<p>Toimintaymp\u00e4rist\u00f6 ylettyy Pohjois-Karjalan talousalueelta Pohjois-Savon it\u00e4osiin.<\/p>\n\n\n\n<p>Yrityksen p\u00e4\u00e4paino on LVI-suunnittelussa, mutta suunnitteluty\u00f6n lis\u00e4ksi teemme LVI-kuntoarvioita ja talotekniikkavalvontaa sek\u00e4 IV- ja KVV-ty\u00f6njohtoa.<\/p>\n\n\n\n<p><strong>Ota rohkeasti yhteytt\u00e4 kun tarvitset LVI-alan asiantuntijaa!<\/strong><\/p>\n","protected":false},"excerpt":{"rendered":"<div class=\"mh-excerpt\"><p>LVI-suunnittelu Partanen Oy on LVI-suunnittelua ja talotekniikan asiantuntijapalveluita tarjoava yritys. Yritys tarjoaa luotettavaa, kustannustehokasta ja ammattitaitoista suunnittelupalvelua sek\u00e4 konsultointia LVI-tekniikan eri osa- alueille. Toimintaymp\u00e4rist\u00f6 ylettyy <a class=\"mh-excerpt-more\" href=\"https:\/\/lvipartanen.fi\/\" title=\"LVI-suunnittelu Partanen Oy\">[&#8230;]<\/a><\/p>\n<\/div>","protected":false},"author":1,"featured_media":0,"parent":0,"menu_order":0,"comment_status":"closed","ping_status":"closed","template":"","meta":{"footnotes":""},"class_list":["post-9","page","type-page","status-publish","hentry"],"_links":{"self":[{"href":"https:\/\/lvipartanen.fi\/index.php?rest_route=\/wp\/v2\/pages\/9","targetHints":{"allow":["GET"]}}],"collection":[{"href":"https:\/\/lvipartanen.fi\/index.php?rest_route=\/wp\/v2\/pages"}],"about":[{"href":"https:\/\/lvipartanen.fi\/index.php?rest_route=\/wp\/v2\/types\/page"}],"author":[{"embeddable":true,"href":"https:\/\/lvipartanen.fi\/index.php?rest_route=\/wp\/v2\/users\/1"}],"replies":[{"embeddable":true,"href":"https:\/\/lvipartanen.fi\/index.php?rest_route=%2Fwp%2Fv2%2Fcomments&post=9"}],"version-history":[{"count":12,"href":"https:\/\/lvipartanen.fi\/index.php?rest_route=\/wp\/v2\/pages\/9\/revisions"}],"predecessor-version":[{"id":196,"href":"https:\/\/lvipartanen.fi\/index.php?rest_route=\/wp\/v2\/pages\/9\/revisions\/196"}],"wp:attachment":[{"href":"https:\/\/lvipartanen.fi\/index.php?rest_route=%2Fwp%2Fv2%2Fmedia&parent=9"}],"curies":[{"name":"wp","href":"https:\/\/api.w.org\/{rel}","templated":true}]}}