{"id":259,"date":"2024-12-22T07:59:07","date_gmt":"2024-12-22T07:59:07","guid":{"rendered":"https:\/\/lvipartanen.fi\/?page_id=259"},"modified":"2024-12-22T08:36:12","modified_gmt":"2024-12-22T08:36:12","slug":"referenssit-uusi","status":"publish","type":"page","link":"https:\/\/lvipartanen.fi\/?page_id=259","title":{"rendered":"Referenssit"},"content":{"rendered":"\n<p>Vahvuutenamme on monipuolinen kokemus LVI-alasta.<br>Teemme LVI-suunnittelua sek\u00e4 uudisrakennuksiin ett\u00e4 peruskorjauskohteisiin.<br>Lis\u00e4ksi teemme hankesuunnittelua, projektinjohtoa ja valvontaa.<\/p>\n\n\n\n<p><strong>Alla lueteltuna joitakin toteuttamiamme projekteja viime vuosilta.<\/strong><\/p>\n\n\n\n<table id=\"tablepress-7\" class=\"tablepress tablepress-id-7\">\n<thead>\n<tr class=\"row-1 odd\">\n\t<th class=\"column-1\">Asiakas <\/th><th class=\"column-2\">Projekti <\/th><th class=\"column-3\">Teht\u00e4v\u00e4t<\/th>\n<\/tr>\n<\/thead>\n<tbody class=\"row-hover\">\n<tr class=\"row-2 even\">\n\t<td class=\"column-1\">As Oy Joensuun Kirkkokatu 22<\/td><td class=\"column-2\">Kirkkokatu 22, l\u00e4mp\u00f6johtojen<br \/>\nuusinta 2024<\/td><td class=\"column-3\">\u2212 lvi-suunnittelu, magi-<br \/>\nCAD ja LVI-valvonta<\/td>\n<\/tr>\n<tr class=\"row-3 odd\">\n\t<td class=\"column-1\">As Oy Kirkkokadun Kaksoset <\/td><td class=\"column-2\">Kirkkokatu 8, vesijohtojen<br \/>\nuusinta 2024<\/td><td class=\"column-3\">\u2212 lvi-suunnittelu, magi-<br \/>\nCAD ja LVI-valvonta<\/td>\n<\/tr>\n<tr class=\"row-4 even\">\n\t<td class=\"column-1\">As Oy Joensuun Kissanpuisto <\/td><td class=\"column-2\">Innantie 37, vesijohtojen uu-<br \/>\nsinta 2024<\/td><td class=\"column-3\">\u2212 lvi-suunnittelu, magi-<br \/>\nCAD<\/td>\n<\/tr>\n<tr class=\"row-5 odd\">\n\t<td class=\"column-1\">Kiteen ev.lut srk <\/td><td class=\"column-2\">Huoltorakennus, Palom\u00e4en<br \/>\nhautausmaa, uudisrakennus<br \/>\n2024<\/td><td class=\"column-3\">\u2212 lvi-suunnittelu, magi-<br \/>\nCAD<\/td>\n<\/tr>\n<tr class=\"row-6 even\">\n\t<td class=\"column-1\">Joensuun kaupunki<\/td><td class=\"column-2\">J\u00e4\u00e4halli, muutos 2024<\/td><td class=\"column-3\">\u2212 LVI-valvonta<\/td>\n<\/tr>\n<tr class=\"row-7 odd\">\n\t<td class=\"column-1\">Outokummun kaupunki <\/td><td class=\"column-2\">Sote ja pela-asema, uudisra-<br \/>\nkennus 2024<\/td><td class=\"column-3\">\u2212 LVIA-valvonta<\/td>\n<\/tr>\n<tr class=\"row-8 even\">\n\t<td class=\"column-1\">As Oy Opintie <\/td><td class=\"column-2\">Opintie, Kitee, vesijohtojen<br \/>\nuusinta 2023<\/td><td class=\"column-3\">\u2212 lvi-suunnittelu, magi-<br \/>\nCAD<\/td>\n<\/tr>\n<tr class=\"row-9 odd\">\n\t<td class=\"column-1\">As Oy Ilomantsin Koivupuisto <\/td><td class=\"column-2\">Koivukuja 2, vesijohtojen<br \/>\nuusinta 2023<\/td><td class=\"column-3\">\u2212 lvi-suunnittelu, magi-<br \/>\nCAD<\/td>\n<\/tr>\n<tr class=\"row-10 even\">\n\t<td class=\"column-1\">Kiteen evankelinen kansanopis-<br \/>\nto<\/td><td class=\"column-2\">P\u00e4\u00e4rakennus ja majoitusra-<br \/>\nkennus, vesijohtojen uusinta,<br \/>\n2023<\/td><td class=\"column-3\">\u2212 lvi-suunnittelu, magi-<br \/>\nCAD<\/td>\n<\/tr>\n<tr class=\"row-11 odd\">\n\t<td class=\"column-1\">Outokummun ev.lut srk <\/td><td class=\"column-2\">Kuusj\u00e4rven kirkko, l\u00e4mmi-<br \/>\ntysmuutos ja tilamuutokset.<br \/>\n2023<\/td><td class=\"column-3\">\u2212 lvi-suunnittelu, magi-<br \/>\nCAD<\/td>\n<\/tr>\n<tr class=\"row-12 even\">\n\t<td class=\"column-1\">Ilomantsin ev.lut srk <\/td><td class=\"column-2\">Ilomantsin kirkko, l\u00e4mmi-<br \/>\ntysmuutos ja tilamuutokset,<br \/>\n2023<\/td><td class=\"column-3\">\u2212 lvi-suunnittelu, magi-<br \/>\nCAD<\/td>\n<\/tr>\n<tr class=\"row-13 odd\">\n\t<td class=\"column-1\">Lieksan ev.lut srk <\/td><td class=\"column-2\">Huoltorakennus, Lieksan hau-<br \/>\ntausmaa, muutos\/laajennus,<br \/>\n2022<\/td><td class=\"column-3\">\u2212 lvi-suunnittelu, magi-<br \/>\nCAD<\/td>\n<\/tr>\n<tr class=\"row-14 even\">\n\t<td class=\"column-1\">Taloykk\u00f6set Oy <\/td><td class=\"column-2\">As Oy Siihtalan kruunu,<br \/>\nasuinkerrostalo, uudisraken-<br \/>\nnus, 2021<\/td><td class=\"column-3\">\u2212 lvi-suunnittelu, magi-<br \/>\nCAD<\/td>\n<\/tr>\n<tr class=\"row-15 odd\">\n\t<td class=\"column-1\">RKL Kosunen Oy <\/td><td class=\"column-2\">As Oy Joensuun Penttil\u00e4n-<br \/>\nkulma 8, asuinkerrostalo,<br \/>\nuudisrakennus, 2021<\/td><td class=\"column-3\">\u2212 lvi-suunnittelu, magi-<br \/>\nCAD<\/td>\n<\/tr>\n<tr class=\"row-16 even\">\n\t<td class=\"column-1\">PKO<\/td><td class=\"column-2\">Bomba, hotellisiiven uudis-<br \/>\ntus, 2021<\/td><td class=\"column-3\">\u2212 KVV-ty\u00f6njohtaja<\/td>\n<\/tr>\n<tr class=\"row-17 odd\">\n\t<td class=\"column-1\">Kontiolahden kunta <\/td><td class=\"column-2\">Mustolanp\u00e4iv\u00e4koti, uudisra-<br \/>\nkennus, 2021<\/td><td class=\"column-3\">\u2212 KVV-ty\u00f6njohtaja<\/td>\n<\/tr>\n<tr class=\"row-18 even\">\n\t<td class=\"column-1\">Kari Kakkonen <\/td><td class=\"column-2\">Rusta, uudisrakennus, Joen-<br \/>\nsuu, 2021<\/td><td class=\"column-3\">\u2212 lvi-suunnittelu, magi-<br \/>\nCAD<\/td>\n<\/tr>\n<tr class=\"row-19 odd\">\n\t<td class=\"column-1\">Joensuun Kodit <\/td><td class=\"column-2\">Tuulentie 3, peruskorjaus,<br \/>\nJoensuu, 2021<\/td><td class=\"column-3\">\u2212 lvi-suunnittelu, magi-<br \/>\nCAD<\/td>\n<\/tr>\n<tr class=\"row-20 even\">\n\t<td class=\"column-1\">Joensuun Kodit <\/td><td class=\"column-2\">Noljakankaari 10, peruskor-<br \/>\njaus, Joensuu, 2021<\/td><td class=\"column-3\">\u2212 lvi-suunnittelu, magi-<br \/>\nCAD<\/td>\n<\/tr>\n<tr class=\"row-21 odd\">\n\t<td class=\"column-1\">RKL Eero Reijonen Oy <\/td><td class=\"column-2\">Noljakan palvelutalo, uudis-<br \/>\nrakennus, Joensuu, 2021<\/td><td class=\"column-3\">\u2212 lvi-suunnittelu, magi-<br \/>\nCAD<\/td>\n<\/tr>\n<tr class=\"row-22 even\">\n\t<td class=\"column-1\">Nurmeksen vuokratalot <\/td><td class=\"column-2\">Nurmeksen Opiskelija-<br \/>\nasuntola, uudisrakennus,<br \/>\nNurmes, 2021<\/td><td class=\"column-3\">\u2212 lvi-suunnittelu, magi-<br \/>\nCAD<\/td>\n<\/tr>\n<tr class=\"row-23 odd\">\n\t<td class=\"column-1\">Opiskelija-asunnot Joensuun<br \/>\nElli<\/td><td class=\"column-2\">Niskakatu 16, peruskorjaus,<br \/>\nJoensuu, 2020<\/td><td class=\"column-3\">\u2212 lvi-suunnittelu, magi-<br \/>\nCAD<\/td>\n<\/tr>\n<tr class=\"row-24 even\">\n\t<td class=\"column-1\">Joensuun Kodit <\/td><td class=\"column-2\">Latolankatu 21, peruskorjaus,<br \/>\nJoensuu, 2020<\/td><td class=\"column-3\">\u2212 lvi-suunnittelu, magi-<br \/>\nCAD<\/td>\n<\/tr>\n<tr class=\"row-25 odd\">\n\t<td class=\"column-1\">Joensuun Kodit <\/td><td class=\"column-2\">Ruskealankatu 1, peruskor-<br \/>\njaus, Joensuu, 2020<\/td><td class=\"column-3\">\u2212 lvi-suunnittelu, magi-<br \/>\nCAD<\/td>\n<\/tr>\n<tr class=\"row-26 even\">\n\t<td class=\"column-1\">Joensuun Kodit <\/td><td class=\"column-2\">\u00c4kkiv\u00e4\u00e4r\u00e4 10, peruskorjaus,<br \/>\nJoensuu, 2020<\/td><td class=\"column-3\">\u2212 lvi-suunnittelu, magi-<br \/>\nCAD<\/td>\n<\/tr>\n<tr class=\"row-27 odd\">\n\t<td class=\"column-1\">Yrj\u00f6 Laakkonen <\/td><td class=\"column-2\">Villa T\u00f6kr\u00e4, R\u00e4\u00e4kkyl\u00e4 2020<\/td><td class=\"column-3\">\u2212 lvi-suunnittelu, magi-<br \/>\nCAD<\/td>\n<\/tr>\n<tr class=\"row-28 even\">\n\t<td class=\"column-1\">Petri Kupiainen <\/td><td class=\"column-2\">OKT Kupiainen, Kes\u00e4lahti<br \/>\n2020<\/td><td class=\"column-3\">\u2212 lvi-suunnittelu, magi-<br \/>\nCAD<\/td>\n<\/tr>\n<tr class=\"row-29 odd\">\n\t<td class=\"column-1\">Outokummun kaupunki <\/td><td class=\"column-2\">Urheiluhallin peruskorjaus ja<br \/>\nlaajennus, Outokumpu, 2019-<br \/>\n2020<\/td><td class=\"column-3\">\u2212 lvi-suunnittelu, magi-<br \/>\nCAD<\/td>\n<\/tr>\n<tr class=\"row-30 even\">\n\t<td class=\"column-1\">RKL Eero Reijonen Oy <\/td><td class=\"column-2\">KVR, Matin ja Liisan koulu,<br \/>\nuudisrakennus, Lapinlahti,<br \/>\n2019<\/td><td class=\"column-3\">\u2212 lvi-suunnittelu, magi-<br \/>\nCAD<\/td>\n<\/tr>\n<tr class=\"row-31 odd\">\n\t<td class=\"column-1\">RKL Kosunen Oy <\/td><td class=\"column-2\">As Oy Honkapolku 5, uudis-<br \/>\nrakennus, 2019<\/td><td class=\"column-3\">\u2212 lvi-suunnittelu, magi-<br \/>\nCAD<\/td>\n<\/tr>\n<tr class=\"row-32 even\">\n\t<td class=\"column-1\">RKL Kosunen Oy <\/td><td class=\"column-2\">As Oy Lehtolankatu 4, uudis-<br \/>\nrakennus, 2019<\/td><td class=\"column-3\">\u2212 lvi-suunnittelu, magi-<br \/>\nCAD<\/td>\n<\/tr>\n<tr class=\"row-33 odd\">\n\t<td class=\"column-1\">Joensuun Kodit <\/td><td class=\"column-2\">\u00c4kkiv\u00e4\u00e4r\u00e4 11, peruskorjaus,<br \/>\nJoensuu, 2019<\/td><td class=\"column-3\">\u2212 lvi-suunnittelu, magi-<br \/>\nCAD<\/td>\n<\/tr>\n<tr class=\"row-34 even\">\n\t<td class=\"column-1\">RKL Eero Reijonen Oy <\/td><td class=\"column-2\">KVR, Pajakadun p\u00e4iv\u00e4koti,<br \/>\nuudisrakennus, Joensuu, 2019<\/td><td class=\"column-3\">\u2212 lvi-suunnittelu, magi-<br \/>\nCAD<\/td>\n<\/tr>\n<tr class=\"row-35 odd\">\n\t<td class=\"column-1\">Joensuun Kodit <\/td><td class=\"column-2\">M\u00e4ntyl\u00e4ntie 22, peruskorjaus, <\/td><td class=\"column-3\">\u2212 lvi-suunnittelu, magi-<br \/>\nCAD<\/td>\n<\/tr>\n<tr class=\"row-36 even\">\n\t<td class=\"column-1\">RKL Eero Reijonen Oy <\/td><td class=\"column-2\">Rautaniemen hoitokoti, Kuo-<br \/>\npio, 2018<\/td><td class=\"column-3\">\u2212 lvi-suunnittelu, magi-<br \/>\nCAD<\/td>\n<\/tr>\n<tr class=\"row-37 odd\">\n\t<td class=\"column-1\">Jukolan osuuskauppa <\/td><td class=\"column-2\">Sale Rautavaara, 2018 <\/td><td class=\"column-3\">\u2212 lvi-suunnittelu, magi-<br \/>\nCAD<\/td>\n<\/tr>\n<tr class=\"row-38 even\">\n\t<td class=\"column-1\">Ramboll CM Oy <\/td><td class=\"column-2\">As Oy Joensuun Tikka, kun-<br \/>\ntoarvio<\/td><td class=\"column-3\">\u2212 kuntoarvio<\/td>\n<\/tr>\n<tr class=\"row-39 odd\">\n\t<td class=\"column-1\">RKL Purmonen Oy <\/td><td class=\"column-2\">As Oy Aalto, uudisrakennus<br \/>\n2017<\/td><td class=\"column-3\">\u2212 lvi-suunnittelu, magi-<br \/>\nCAD<\/td>\n<\/tr>\n<tr class=\"row-40 even\">\n\t<td class=\"column-1\">Pohjois-Karjalan osuuskauppa <\/td><td class=\"column-2\">Bomban peruskorjaus 2016 <\/td><td class=\"column-3\">\u2212 lvi-suunnittelu, magi-<br \/>\nCAD<\/td>\n<\/tr>\n<tr class=\"row-41 odd\">\n\t<td class=\"column-1\">Joensuun Kodit <\/td><td class=\"column-2\">Kaislarannantie 2, peruskor-<br \/>\njaus, Joensuu 2017<\/td><td class=\"column-3\">\u2212 lvi-suunnittelu, magi-<br \/>\nCAD<\/td>\n<\/tr>\n<tr class=\"row-42 even\">\n\t<td class=\"column-1\">As Oy Sovera, Juuka <\/td><td class=\"column-2\">K\u00e4ytt\u00f6vesi- ja l\u00e4mmityssa-<br \/>\nneeraus 2016<\/td><td class=\"column-3\">\u2212 lvi-suunnittelu, magi-<br \/>\nCAD<\/td>\n<\/tr>\n<tr class=\"row-43 odd\">\n\t<td class=\"column-1\">As Oy Tasmala, Juuka <\/td><td class=\"column-2\">K\u00e4ytt\u00f6vesi- ja l\u00e4mmityssa-<br \/>\nneeraus 2016<\/td><td class=\"column-3\">\u2212 lvi-suunnittelu, magi-<br \/>\nCAD<\/td>\n<\/tr>\n<tr class=\"row-44 even\">\n\t<td class=\"column-1\">Jukolan osuuskauppa <\/td><td class=\"column-2\">S-market Juuka, laajennus<br \/>\n2016<\/td><td class=\"column-3\">\u2212 lvi-suunnittelu, magi-<br \/>\nCAD<\/td>\n<\/tr>\n<tr class=\"row-45 odd\">\n\t<td class=\"column-1\">Tulikivi Oyj <\/td><td class=\"column-2\">Suomussalmen tehdas, iv-<br \/>\nmuutos 2016<\/td><td class=\"column-3\">\u2212 lvi-suunnittelu, magi-<br \/>\nCAD<\/td>\n<\/tr>\n<tr class=\"row-46 even\">\n\t<td class=\"column-1\">P\u00e4iv\u00e4koti Puuhelmi, Juuka <\/td><td class=\"column-2\">Peruskorjaus, 2015 <\/td><td class=\"column-3\">\u2212 Ty\u00f6njohtaja<\/td>\n<\/tr>\n<tr class=\"row-47 odd\">\n\t<td class=\"column-1\">Koli Spa, Koli <\/td><td class=\"column-2\">Kylpyl\u00e4, 2015 <\/td><td class=\"column-3\">\u2212 Ty\u00f6njohtaja<\/td>\n<\/tr>\n<tr class=\"row-48 even\">\n\t<td class=\"column-1\">Loma-asunto Naumanen, Juuka <\/td><td class=\"column-2\">Uudisrakennus 2015 <\/td><td class=\"column-3\">\u2212 lvi-suunnittelu ja<br \/>\nty\u00f6njohtaja<\/td>\n<\/tr>\n<tr class=\"row-49 odd\">\n\t<td class=\"column-1\">Loma-asunto Naumanen, Juuka <\/td><td class=\"column-2\">Uudisrakennus 2015 <\/td><td class=\"column-3\">\u2212 lvi-suunnittelu ja<br \/>\nty\u00f6njohtaja<\/td>\n<\/tr>\n<tr class=\"row-50 even\">\n\t<td class=\"column-1\">VS turva-aidat <\/td><td class=\"column-2\">Laajennus 2015 <\/td><td class=\"column-3\">\u2212 lvi-suunnittelu ja<br \/>\nty\u00f6njohtaja<\/td>\n<\/tr>\n<tr class=\"row-51 odd\">\n\t<td class=\"column-1\">Tulikivi Oyj, Juuka <\/td><td class=\"column-2\">Toimistomuutos, 2014 <\/td><td class=\"column-3\">\u2212 lvi-suunnittelu, Magi-<br \/>\nCAD<\/td>\n<\/tr>\n<tr class=\"row-52 even\">\n\t<td class=\"column-1\">As Oy Uimaharjun Ollintie,<br \/>\nUimaharju<\/td><td class=\"column-2\">Vesijohtojen linjasaneeraus,<br \/>\n2014<\/td><td class=\"column-3\">\u2212 lvi-suunnittelu, Magi-<br \/>\nCAD<\/td>\n<\/tr>\n<tr class=\"row-53 odd\">\n\t<td class=\"column-1\">Tulikivi Oyj, Juuka <\/td><td class=\"column-2\">Tehdasmuutos, 2014 <\/td><td class=\"column-3\">\u2212 lvi-suunnittelu, Magi-<br \/>\nCAD ja ty\u00f6njohto<\/td>\n<\/tr>\n<tr class=\"row-54 even\">\n\t<td class=\"column-1\">Vanhan pappilan palvelukoti,<br \/>\nSiilinj\u00e4rvi<\/td><td class=\"column-2\">Uudisrakennus, 2014 <\/td><td class=\"column-3\">\u2212 lvi-suunnittelu, Magi-<br \/>\nCAD<\/td>\n<\/tr>\n<tr class=\"row-55 odd\">\n\t<td class=\"column-1\">Juuan kunta, j\u00e4tevedenpuhdis-<br \/>\ntamo, Juuka<\/td><td class=\"column-2\">Laajennus 2014 <\/td><td class=\"column-3\">\u2212 ty\u00f6njohtaja<\/td>\n<\/tr>\n<tr class=\"row-56 even\">\n\t<td class=\"column-1\">As Oy Penttil\u00e4nrannan Kotisa-<br \/>\ntama, Joensuu<\/td><td class=\"column-2\">Uudisrakennus, 2013<\/td><td class=\"column-3\">\u2212 lvi-suunnittelu, Magi-<br \/>\nCAD<\/td>\n<\/tr>\n<tr class=\"row-57 odd\">\n\t<td class=\"column-1\">Kesla Oyj, Joensuu <\/td><td class=\"column-2\">Laajennus 2013,<br \/>\nMaalaamo<\/td><td class=\"column-3\">\u2212 lvi-suunnittelu, Magi-<br \/>\nCAD<\/td>\n<\/tr>\n<tr class=\"row-58 even\">\n\t<td class=\"column-1\">Raskaskonepesuhalli, Nurmes <\/td><td class=\"column-2\">Uudisrakennus 2013,<br \/>\npesuhalli, korjaamo<\/td><td class=\"column-3\">\u2212 lvi-suunnittelu, Magi-<br \/>\nCAD<\/td>\n<\/tr>\n<tr class=\"row-59 odd\">\n\t<td class=\"column-1\">As Oy Tuupalanharju, Nurmes <\/td><td class=\"column-2\">Vesijohtojen linjasaneeraus,<br \/>\n2013<\/td><td class=\"column-3\">\u2212 lvi-suunnittelu, Magi-<br \/>\nCAD<\/td>\n<\/tr>\n<tr class=\"row-60 even\">\n\t<td class=\"column-1\">KOY Nurmeksen Asematie 2 <\/td><td class=\"column-2\">Vesijohtojen linjasaneeraus,<br \/>\n2013<\/td><td class=\"column-3\">\u2212 lvi-suunnittelu, Magi-<br \/>\nCAD<\/td>\n<\/tr>\n<tr class=\"row-61 odd\">\n\t<td class=\"column-1\">As Oy Uimaharjunsato <\/td><td class=\"column-2\">Vesijohtojen linjasaneeraus,<br \/>\n2013<\/td><td class=\"column-3\">\u2212 lvi-suunnittelu, Magi-<br \/>\nCAD<\/td>\n<\/tr>\n<tr class=\"row-62 even\">\n\t<td class=\"column-1\">As Oy Juuan Tiiliketo <\/td><td class=\"column-2\">Vesijohtojen linjasaneeraus,<br \/>\n2012<\/td><td class=\"column-3\">\u2212 lvi-suunnittelu, CADS<\/td>\n<\/tr>\n<tr class=\"row-63 odd\">\n\t<td class=\"column-1\">As Oy Nurmeksen Kirkkotie 12 <\/td><td class=\"column-2\">Vesijohtojen linjasaneeraus,<br \/>\n2012<\/td><td class=\"column-3\">\u2212 lvi-suunnittelu, CADS<\/td>\n<\/tr>\n<tr class=\"row-64 even\">\n\t<td class=\"column-1\">Wurth Center, Outokumpu <\/td><td class=\"column-2\">Uudisrakennus, 2012 <\/td><td class=\"column-3\">\u2212 lvi-suunnittelu, CADS<\/td>\n<\/tr>\n<tr class=\"row-65 odd\">\n\t<td class=\"column-1\">S-market Nurmes <\/td><td class=\"column-2\">Laajennus, 2012 <\/td><td class=\"column-3\">\u2212 ty\u00f6njohtaja<\/td>\n<\/tr>\n<tr class=\"row-66 even\">\n\t<td class=\"column-1\">OP Juuka <\/td><td class=\"column-2\">IV-muutos, 2012 <\/td><td class=\"column-3\">\u2212 lvi-suunnittelu, CADS<\/td>\n<\/tr>\n<tr class=\"row-67 odd\">\n\t<td class=\"column-1\">As Oy Kanerva <\/td><td class=\"column-2\">Uudisrakennus, 2011 <\/td><td class=\"column-3\">\u2212 lvi-suunnittelu, Magi-<br \/>\nCAD<\/td>\n<\/tr>\n<tr class=\"row-68 even\">\n\t<td class=\"column-1\">Senaatti-kiinteist\u00f6t <\/td><td class=\"column-2\">Lammintie, teollisuuskiinteis-<br \/>\nt\u00f6n muutosty\u00f6, 2009<\/td><td class=\"column-3\">\u2212 lvi-suunnittelu, Magi-<br \/>\nCAD<\/td>\n<\/tr>\n<tr class=\"row-69 odd\">\n\t<td class=\"column-1\">PKKY, Kiteen ammattikoulu <\/td><td class=\"column-2\">Ammattikoulun peruskorjaus,<br \/>\n2009<\/td><td class=\"column-3\">\u2212 lvi-suunnittelu, Magi-<br \/>\nCAD<\/td>\n<\/tr>\n<tr class=\"row-70 even\">\n\t<td class=\"column-1\">Osuuskauppa Jukola, ABC Juu-<br \/>\nka<\/td><td class=\"column-2\">Uudisrakennus, 2008 <\/td><td class=\"column-3\">\u2212 lvi-suunnittelu, Magi-<br \/>\nCAD<\/td>\n<\/tr>\n<tr class=\"row-71 odd\">\n\t<td class=\"column-1\">As Oy Apila <\/td><td class=\"column-2\">Uudisrakennus, 2008 <\/td><td class=\"column-3\">\u2212 lvi-suunnittelu, Magi-<br \/>\nCAD<\/td>\n<\/tr>\n<tr class=\"row-72 even\">\n\t<td class=\"column-1\">Osuuskauppa Jukola, Hotelli<br \/>\nBomba<\/td><td class=\"column-2\">Hotellin laajennus, 2007 <\/td><td class=\"column-3\">\u2212 lvi-suunnittelu, Magi-<br \/>\nCAD<\/td>\n<\/tr>\n<\/tbody>\n<\/table>\n<!-- #tablepress-7 from cache -->\n","protected":false},"excerpt":{"rendered":"<div class=\"mh-excerpt\"><p>Vahvuutenamme on monipuolinen kokemus LVI-alasta.Teemme LVI-suunnittelua sek\u00e4 uudisrakennuksiin ett\u00e4 peruskorjauskohteisiin.Lis\u00e4ksi teemme hankesuunnittelua, projektinjohtoa ja valvontaa. Alla lueteltuna joitakin toteuttamiamme projekteja viime vuosilta.<\/p>\n<\/div>","protected":false},"author":1,"featured_media":0,"parent":0,"menu_order":0,"comment_status":"closed","ping_status":"closed","template":"","meta":{"footnotes":""},"class_list":["post-259","page","type-page","status-publish","hentry"],"_links":{"self":[{"href":"https:\/\/lvipartanen.fi\/index.php?rest_route=\/wp\/v2\/pages\/259","targetHints":{"allow":["GET"]}}],"collection":[{"href":"https:\/\/lvipartanen.fi\/index.php?rest_route=\/wp\/v2\/pages"}],"about":[{"href":"https:\/\/lvipartanen.fi\/index.php?rest_route=\/wp\/v2\/types\/page"}],"author":[{"embeddable":true,"href":"https:\/\/lvipartanen.fi\/index.php?rest_route=\/wp\/v2\/users\/1"}],"replies":[{"embeddable":true,"href":"https:\/\/lvipartanen.fi\/index.php?rest_route=%2Fwp%2Fv2%2Fcomments&post=259"}],"version-history":[{"count":7,"href":"https:\/\/lvipartanen.fi\/index.php?rest_route=\/wp\/v2\/pages\/259\/revisions"}],"predecessor-version":[{"id":277,"href":"https:\/\/lvipartanen.fi\/index.php?rest_route=\/wp\/v2\/pages\/259\/revisions\/277"}],"wp:attachment":[{"href":"https:\/\/lvipartanen.fi\/index.php?rest_route=%2Fwp%2Fv2%2Fmedia&parent=259"}],"curies":[{"name":"wp","href":"https:\/\/api.w.org\/{rel}","templated":true}]}}